{"id":107,"date":"2018-05-24T18:34:43","date_gmt":"2018-05-24T16:34:43","guid":{"rendered":"https:\/\/maison.sxmp.de\/?page_id=107"},"modified":"2018-05-24T19:02:23","modified_gmt":"2018-05-24T17:02:23","slug":"datenschutzerklaerung","status":"publish","type":"page","link":"https:\/\/maison.sxmp.de\/?page_id=107","title":{"rendered":"Datenschutz"},"content":{"rendered":"<h3>Datenschutzhinweise<\/h3>\n<p>Nutzerinnen und Nutzer, also auch Besucher dieser Website m\u00fcssen nach \u00a7 13 Abs. 1 TMG \u00fcber Art, Umfang und Zwecke der Erhebung und Verwendung von personenbezogenen Daten auf dieser Website informiert werden.<\/p>\n<h3>Datenschutzerkl\u00e4rung<\/h3>\n<p>In rechtlicher Hinsicht ist der Verantwortliche dieser Internetseite, ein Telemediendiensteanbieter.<\/p>\n<p>Der Verantwortliche ist identisch mit dem Verantwortlichen, der im Impressum genannt wird und ist \u00fcber die die dort angegebene Adresse und Telefonnummer erreichbar.<\/p>\n<p>Diese Website ist somit ein Telemediendienst. Nach \u00a7 13 Abs. 1 Telemediengesetz (TMG) hat ein Telemediendiensteanbieter den Nutzer <strong>zu Beginn des Nutzungsvorgangs<\/strong> \u00fcber <strong>Art<\/strong>, <strong>Umfang<\/strong> und <strong>Zwecke<\/strong> der Erhebung und Verwendung personenbezogener Daten sowie \u00fcber die Verarbeitung seiner Daten in Staaten au\u00dferhalb des Anwendungsbereichs der Richtlinie 95\/46\/EG des Europ\u00e4ischen Parlaments und des Rates vom 24. Oktober 1995 zum Schutz nat\u00fcrlicher Personen bei der Verarbeitung personenbezogener Daten und zum freien Datenverkehr (ABl. EG Nr. L 281 S. 31) <strong>in allgemein verst\u00e4ndlicher Form<\/strong> zu unterrichten.<\/p>\n<p>Um den Anforderungen an eine <strong>allgemein verst\u00e4ndliche Form<\/strong> zu gen\u00fcgen, geben folgende S\u00e4tze in verst\u00e4ndlicher Form, Informationen zu Art, Umfang und Zweck der Datenverarbeitung:<\/p>\n<p><strong>Zweck<\/strong> der Verarbeitung von Daten ist das Betreiben einer Website mit Informationen und Dienstleistungen. Diese werden auf der Startseite dargestellt.<\/p>\n<p>H\u00e4ufig versuchen Telemediendiensteanbieter zu argumentieren, dass bei reinen Informationsseiten, bei denen sich der Nutzer also zum Beispiel gar nicht registrieren oder interagieren kann, gar keine personenbezogenen Daten erhoben oder verwendet werden. Das ist nach herrschender Meinung nur dann richtig, wenn keine IP-Adressen gespeichert und keine Cookies zum Einsatz kommen.<\/p>\n<p>Eines vorab. Der Server, auf dem diese Internetseite gehosted wird, befindet sich in einem Rechenzentrum in der Europ\u00e4ischen Union. Mit dem Hosting-Provider wurde ein Auftragsdatenverarbeitungsvertrag geschlossen, der den Anforderungen des \u00a7 11 BDSG entspricht.<\/p>\n<h3>Personenbezogene Daten<\/h3>\n<p>Personenbezogene Daten sind nach \u00a7 3 Abs. 1 BDSG Einzelangaben \u00fcber pers\u00f6nliche oder sachliche Verh\u00e4ltnisse einer bestimmten oder bestimmbaren nat\u00fcrlichen Person. Auch wenn es in Deutschland heillos umstritten ist, ob IP-Adressen nun personenbezogen sind oder nicht\u2026kein Jurist, der ernst genommen werden m\u00f6chte, wird umhin kommen, dass zumindest bei einer statischen IP-Adresse \u00fcber eine einfache RIPE-Abfrage im Einzelfall ein Personenbezug m\u00f6glich sein kann. Und zwar unabh\u00e4ngig davon, ob er nun Anh\u00e4nger eines <em>relativen<\/em> oder <em>absoluten<\/em> Begriffs des Personenbezuges ist. Hinzu kommt, dass auch der EuGH (Urteil vom 19.10.2016, Az.: C-582\/14 \u2013 &#8222;Breyer&#8220; ) davon ausgeht, dass auch eine dynamische IP-Adresse ein personenbezogenes Datum sein kann.<\/p>\n<p>Im Hinblick auf den Besuch von Websites wird man also davon ausgehen m\u00fcssen, dass ein Personenbezug von IP-Adressen zumindest bestehen <em>kann<\/em>.<\/p>\n<p>Und demzufolge muss entsprechend \u00fcber die Datenverarbeitung des Webservers und der Applikationen auf dem Webserver informiert werden. Im Einzelnen:<\/p>\n<h3>Serverdaten<\/h3>\n<p>Aus technischen Gr\u00fcnden werden u.a. folgende Daten, die Ihr Internet-Browser an uns bzw. an unseren Webspace-Provider \u00fcbermittelt, erfasst (sogenannte Serverlogfiles):<\/p>\n<ul>\n<li>Browsertyp und -version<\/li>\n<li>verwendetes Betriebssystem<\/li>\n<li>Webseite, von der aus Sie uns besuchen (Referrer URL)<\/li>\n<li>Webseite, die Sie besuchen<\/li>\n<li>Datum und Uhrzeit Ihres Zugriffs<\/li>\n<li>Ihre Internet Protokoll (IP)-Adresse.<\/li>\n<\/ul>\n<p>Diese anonymen Daten werden getrennt von Ihren eventuell angegebenen personenbezogenen Daten gespeichert und lassen so keine R\u00fcckschl\u00fcsse auf eine bestimmte Person zu. Sie werden zu statistischen Zwecken ausgewertet, um unseren Internetauftritt und unsere Angebote optimieren zu k\u00f6nnen.<\/p>\n<h3>Cookies<\/h3>\n<p>Diese Internetseite verwendet zum Teil <strong>Cookies<\/strong>. Cookies sind kleine Textinformationen, die \u00fcber Ihren Browser im Endger\u00e4t als Datei gespeichert werden. Cookies sind nicht grunds\u00e4tzlich b\u00f6se, sondern erlauben Userinteraktionen und auch sonstige sinnvolle Sachen.<\/p>\n<p>Wir verwenden auf unserer Seite Cookies zum Wiedererkennen mehrfacher Nutzung unseres Angebots, durch denselben Nutzer\/Internetanschlussinhaber. Cookies sind kleine Textdateien, die Ihr Internet-Browser auf Ihrem Rechner ablegt und speichert. Sie dienen dazu, unseren Internetauftritt und unsere Angebote zu optimieren. Es handelt sich dabei zumeist um sog. &#8222;Session-Cookies&#8220;, die nach dem Ende Ihres Besuches wieder gel\u00f6scht werden.<\/p>\n<p>Teilweise geben diese Cookies jedoch Informationen ab, um Sie automatisch wieder zu erkennen. Diese Wiedererkennung erfolgt aufgrund der in den Cookies gespeicherten IP-Adresse. Die so erlangten Informationen dienen dazu, unsere Angebote zu optimieren und Ihnen einen leichteren Zugang auf unsere Seite zu erm\u00f6glichen.<br \/>\nSie k\u00f6nnen die Installation der Cookies durch eine entsprechende Einstellung Ihres Browsers verhindern; wir weisen Sie jedoch darauf hin, dass Sie in diesem Fall gegebenenfalls nicht s\u00e4mtliche Funktionen unserer Website vollumf\u00e4nglich nutzen k\u00f6nnen.<\/p>\n<h3>Kontaktformular<\/h3>\n<p>Wir bieten Ihnen auf unserer Seite die M\u00f6glichkeit, mit uns per E-Mail und\/oder \u00fcber ein Kontaktformular in Verbindung zu treten. In diesem Fall werden die vom Nutzer gemachten Angaben zum Zwecke der Bearbeitung seiner Kontaktaufnahme gespeichert. Eine Weitergabe an Dritte erfolgt nicht. Ein Abgleich der so erhobenen Daten mit Daten, die m\u00f6glicherweise durch andere Komponenten unserer Seite erhoben werden, erfolgt ebenfalls nicht.<\/p>\n<h3>Eingebettete Inhalte von anderen Websites<\/h3>\n<p>Beitr\u00e4ge auf dieser Website k\u00f6nnen eingebettete Inhalte beinhalten (z.\u00a0B. Videos, Bilder, Beitr\u00e4ge etc.). Eingebettete Inhalte von anderen Websites verhalten sich exakt so, als ob der Besucher die andere Website besucht h\u00e4tte.<\/p>\n<p>Diese Websites k\u00f6nnen Daten \u00fcber Sie sammeln, Cookies benutzen, zus\u00e4tzliche Tracking-Dienste von Dritten einbetten und Ihre Interaktion mit diesem eingebetteten Inhalt aufzeichnen, inklusive Ihrer Interaktion mit dem eingebetteten Inhalt, falls Sie ein Konto haben und auf dieser Website angemeldet sind.<\/p>\n<h3>Google Ajax &amp; jQuery Bibliotheken, Google Maps<\/h3>\n<p>Auf dieser Seite kommen z.T. Ajax- und jQuery-Technologien zum Einsatz. Zudem werden z.B. bei Hinweisen zu Veranstaltungen ggf. Google Maps angezeigt. Hierzu werden entsprechende Programmbibliotheken bzw. Karteninhalte von Servern von Google aufgerufen. Ich weise in diesem Zusammenhang darauf hin, dass durch diesen Einsatz externe Server von Google in den USA aufgerufen werden k\u00f6nnen. Mir ist derzeit leider nicht bekannt, ob Google diesen Server-Request protokolliert und weiter verwertet. Ich gehe jedoch davon aus, dass auch diesbez\u00fcglich die Google Datenschutzhinweise gelten. Es wird daher wohl in jedem Fall Ihre IP-Adresse f\u00fcr einen Zeitraum von mehreren Monaten gespeichert. Gleiches gilt im \u00dcbrigen auch f\u00fcr Java-Script-Elemente, die f\u00fcr Zwecke der Browserkompatibilit\u00e4t (z.B. mit IE9) von Google-Servern geladen werden k\u00f6nnten.<\/p>\n<h3>Facebook<\/h3>\n<p>Wir setzen auf unserer Seite Komponenten des Anbieters facebook.com ein. Facebook ist ein Service der facebook Inc., 1601 S. California Ave, Palo Alto, CA 94304, USA.<br \/>\nBei jedem einzelnen Abruf unserer Webseite, die mit einer solchen Komponente ausgestattet ist, veranlasst diese Komponente, dass der von Ihnen verwendete Browser eine entsprechende Darstellung der Komponente von facebook herunterl\u00e4dt. Durch diesen Vorgang wird facebook dar\u00fcber in Kenntnis gesetzt, welche konkrete Seite unserer Internetpr\u00e4senz gerade durch Sie besucht wird.<\/p>\n<p>Wenn Sie unsere Seite aufrufen und w\u00e4hrenddessen bei facebook eingeloggt sind, erkennt facebook durch die von der Komponente gesammelte Information, welche konkrete Seite Sie besuchen und ordnet diese Informationen Ihrem pers\u00f6nlichen Account auf facebook zu. Klicken Sie z.B. den \u00a0\u201eGef\u00e4llt mir\u201c-Button an oder geben Sie entsprechende Kommentare ab, werden diese Informationen an Ihr pers\u00f6nliches Benutzerkonto auf facebook \u00fcbermittelt und dort gespeichert. Dar\u00fcber hinaus wird die Information, dass Sie unsere Seite besucht haben, an facebook weiter gegeben. Dies geschieht unabh\u00e4ngig davon, ob Sie die Komponente anklicken oder nicht.<\/p>\n<p>Wenn Sie diese \u00dcbermittlung und Speicherung von Daten \u00fcber Sie und Ihr Verhalten auf unserer Webseite durch facebook unterbinden wollen, m\u00fcssen Sie sich bei facebook ausloggen und zwar bevor Sie unsere Seite besuchen. Die Datenschutzhinweise von facebook geben hierzu n\u00e4here Informationen, insbesondere zur Erhebung und Nutzung der Daten durch facebook, zu Ihren diesbez\u00fcglichen Rechten sowie zu den Einstellungsm\u00f6glichkeiten zum Schutz Ihrer Privatsph\u00e4re: <a href=\"https:\/\/de-de.facebook.com\/about\/privacy\/\" target=\"_blank\" rel=\"nofollow noopener\">https:\/\/de-de.facebook.com\/about\/privacy\/<\/a><br \/>\nEine \u00dcbersicht \u00fcber die Facebook-Plugins finden Sie unter <a href=\"https:\/\/developers.facebook.com\/docs\/plugins\/\" target=\"_blank\" rel=\"nofollow noopener\">https:\/\/developers.facebook.com\/docs\/plugins\/<\/a><\/p>\n<h3>Einsatz von Jetpack<\/h3>\n<p>Wir setzen auf unserer Seite die Komponente Jetpack der Automattic Inc., 132 Hawthorne Street, San Francisco, CA 94107, United States of America, unter Einsatz der Technologie der Quantcast Corp., 201 Third Street, 2nd Floor, San Francisco, CA 94103, United States of America, ein. Bei jedem einzelnen Aufruf unserer Seite werden durch den Einsatz von Cookies Daten zur Webanalyse gesammelt und in den USA gespeichert. Cookies sind kleine Textdateien, die lokal im Zwischenspeicher des Internet-Browsers des Besuchers gespeichert werden, um so die Wiedererkennung des Internet-Browsers des Besuchers zu erm\u00f6glichen. Die IP-Adresse wird hierbei unverz\u00fcglich nach der Verarbeitung jedoch noch vor deren Speicherung anonymisiert. Sie k\u00f6nnen die Installation der Cookies durch eine entsprechende Einstellung Ihrer Browser-Software verhindern bzw. bereits gespeicherte Cookies l\u00f6schen; wir weisen Sie jedoch darauf hin, dass Sie in diesem Fall gegebenenfalls nicht s\u00e4mtliche Funktionen unserer Website vollumf\u00e4nglich nutzen k\u00f6nnen.<\/p>\n<p>Der Erhebung und Nutzung der Daten durch die Komponente Jetpack kann mit Wirkung f\u00fcr die Zukunft widersprochen werden, wenn Sie ein Opt-Out-Cookie in Ihrem Browser \u00fcber die Seite <a href=\"http:\/\/www.quantcast.com\/opt-out\" target=\"_blank\" rel=\"noopener\">http:\/\/www.quantcast.com\/opt-out<\/a> setzen. Wenn Sie alle Cookies Ihres Browsers l\u00f6schen sollten, muss der Vorgang wiederholt werden.<\/p>\n<h3>Auskunft\/Widerruf\/L\u00f6schung<\/h3>\n<p>Sie k\u00f6nnen sich aufgrund des Bundesdatenschutzgesetzes bei Fragen zur Erhebung, Verarbeitung oder Nutzung Ihrer personenbezogenen Daten und deren Berichtigung, Sperrung, L\u00f6schung oder einem Widerruf einer erteilten Einwilligung unentgeltlich an uns wenden. Wir weisen darauf hin, dass Ihnen ein Recht auf Berichtigung falscher Daten oder L\u00f6schung personenbezogener Daten zusteht, sollte diesem Anspruch keine gesetzliche Aufbewahrungspflicht entgegenstehen.<\/p>\n<h3><strong>Verantwortlicher im Sinne des Datenschutzrechts<\/strong><\/h3>\n<p>Aufgrund unserer Gr\u00f6\u00dfe und der Art der Datenverarbeitung sind wir nicht verpflichtet einen Verantwortlichen im Sinne des Datenschutzrechtes zu benennen.<\/p>\n<p>Die Kontaktdaten des Ansprechpartners finden Sie im Impressum dieser Webseite.<\/p>\n<p>Stand: 17.5..2018<\/p>\n","protected":false},"excerpt":{"rendered":"<p>Datenschutzhinweise Nutzerinnen und Nutzer, also auch Besucher dieser Website m\u00fcssen nach \u00a7 13 Abs. 1 TMG \u00fcber Art, Umfang und Zwecke der Erhebung und Verwendung von personenbezogenen Daten auf dieser Website informiert werden. Datenschutzerkl\u00e4rung In rechtlicher Hinsicht ist der Verantwortliche &hellip; <a href=\"https:\/\/maison.sxmp.de\/?page_id=107\">Weiter<\/a><\/p>\n","protected":false},"author":3,"featured_media":0,"parent":0,"menu_order":0,"comment_status":"closed","ping_status":"closed","template":"page-fullwidth.php","meta":{"kt_blocks_editor_width":"","footnotes":""},"_links":{"self":[{"href":"https:\/\/maison.sxmp.de\/index.php?rest_route=\/wp\/v2\/pages\/107"}],"collection":[{"href":"https:\/\/maison.sxmp.de\/index.php?rest_route=\/wp\/v2\/pages"}],"about":[{"href":"https:\/\/maison.sxmp.de\/index.php?rest_route=\/wp\/v2\/types\/page"}],"author":[{"embeddable":true,"href":"https:\/\/maison.sxmp.de\/index.php?rest_route=\/wp\/v2\/users\/3"}],"replies":[{"embeddable":true,"href":"https:\/\/maison.sxmp.de\/index.php?rest_route=%2Fwp%2Fv2%2Fcomments&post=107"}],"version-history":[{"count":5,"href":"https:\/\/maison.sxmp.de\/index.php?rest_route=\/wp\/v2\/pages\/107\/revisions"}],"predecessor-version":[{"id":129,"href":"https:\/\/maison.sxmp.de\/index.php?rest_route=\/wp\/v2\/pages\/107\/revisions\/129"}],"wp:attachment":[{"href":"https:\/\/maison.sxmp.de\/index.php?rest_route=%2Fwp%2Fv2%2Fmedia&parent=107"}],"curies":[{"name":"wp","href":"https:\/\/api.w.org\/{rel}","templated":true}]}}